{"id":10074,"date":"2015-04-23T21:39:22","date_gmt":"2015-04-23T21:39:22","guid":{"rendered":"https:\/\/construction.vamtam.com\/?page_id=10074"},"modified":"2026-03-20T15:33:52","modified_gmt":"2026-03-20T14:33:52","slug":"home-clean","status":"publish","type":"page","link":"https:\/\/www.societebouillard.com\/","title":{"rendered":"Accueil"},"content":{"rendered":"<div class=\"limit-wrapper\"><div class=\"row \"><div class=\"wpv-grid grid-1-1 move-into-slider wpv-first-level first unextended no-extended-padding\" style=\"padding-top:0.05px;padding-bottom:0.05px;\" id=\"wpv-column-3688b39475d8b40a772f2cc83c816874\" ><div class=\"push  wpv-hide-lowres\" style=\"margin-bottom:-100px\"><\/div>\n<div class=\"row \"><div class=\"wpv-grid grid-1-3  first unextended no-extended-padding\" style=\"padding-top:40px;padding-bottom:0.05px;\" id=\"wpv-column-dc1956b74f18a21c90189475ad7b2ba5\" ><div class=\"row \"><div class=\"wpv-grid grid-1-1  first unextended no-extended-padding\" style=\"padding-top:0.05px;padding-bottom:0.05px;\" id=\"wpv-column-80c729ece8fc959e9947335c4410ec1c\" >\n<div  data-target=\"_self\" class=\"linkarea clearfix accent5  background-accent5\">\n\t\t\t<div class=\"first\"><span class='icon shortcode theme  use-hover' style='color:#fcb11f;font-size:62px !important;'>&#58891;<\/span><\/div>\n\t\t\t\t<div class=\"last\"><h3 style=\"text-align: center;\">MA\u00c7ONNERIE<\/h3>\n<div class=\"push \" style=\"height:5px\"><\/div><\/div>\n\t<\/div><\/div><\/div>\n<div class=\"row \"><div class=\"wpv-grid grid-1-1  first unextended no-extended-padding\" style=\"padding-top:0.05px;padding-bottom:0.05px;\" id=\"wpv-column-c5f2c5a9ff397372c81931b929587700\" >\n<div  data-target=\"_self\" class=\"linkarea clearfix accent5  background-accent5\">\n\t\t\t<div class=\"first\"><span class='icon shortcode theme  use-hover' style='color:#fcb11f;font-size:62px !important;'>&#58913;<\/span><\/div>\n\t\t\t\t<div class=\"last\"><h3 style=\"text-align: center;\">TERRASSEMENT<\/h3>\n<div class=\"push \" style=\"height:5px\"><\/div><\/div>\n\t<\/div><\/div><\/div><\/div>\n<div class=\"wpv-grid grid-1-3 add-border has-background unextended no-extended-padding\" style=\"background-color:#fff;padding-top:40px;padding-bottom:0.05px;\" id=\"wpv-column-f8c565f31a0d7728ce58362e9bfdd3ab\" ><style>#wpv-column-f8c565f31a0d7728ce58362e9bfdd3ab p,#wpv-column-f8c565f31a0d7728ce58362e9bfdd3ab em,#wpv-column-f8c565f31a0d7728ce58362e9bfdd3ab h1,#wpv-column-f8c565f31a0d7728ce58362e9bfdd3ab h2,#wpv-column-f8c565f31a0d7728ce58362e9bfdd3ab h3,#wpv-column-f8c565f31a0d7728ce58362e9bfdd3ab h4,#wpv-column-f8c565f31a0d7728ce58362e9bfdd3ab h5,#wpv-column-f8c565f31a0d7728ce58362e9bfdd3ab h6,#wpv-column-f8c565f31a0d7728ce58362e9bfdd3ab .column-title,#wpv-column-f8c565f31a0d7728ce58362e9bfdd3ab .sep-text h2.regular-title-wrapper,#wpv-column-f8c565f31a0d7728ce58362e9bfdd3ab .text-divider-double,#wpv-column-f8c565f31a0d7728ce58362e9bfdd3ab .sep-text .sep-text-line,#wpv-column-f8c565f31a0d7728ce58362e9bfdd3ab .sep,#wpv-column-f8c565f31a0d7728ce58362e9bfdd3ab .sep-2,#wpv-column-f8c565f31a0d7728ce58362e9bfdd3ab .sep-3,#wpv-column-f8c565f31a0d7728ce58362e9bfdd3ab td,#wpv-column-f8c565f31a0d7728ce58362e9bfdd3ab th,#wpv-column-f8c565f31a0d7728ce58362e9bfdd3ab caption{color:#808080;}#wpv-column-f8c565f31a0d7728ce58362e9bfdd3ab:before{background-color:transparent;}<\/style><div class=\"row \"><div class=\"wpv-grid grid-1-1  first unextended no-extended-padding\" style=\"padding-top:0.05px;padding-bottom:0.05px;\" id=\"wpv-column-57a2fd9863326b9fe018a449c74c1900\" >\n<div  data-target=\"_self\" class=\"linkarea clearfix accent5  background-accent5\">\n\t\t\t<div class=\"first\"><span class='icon shortcode   use-hover' style='color:#fcb11f;font-size:62px !important;'>&#57674;<\/span><\/div>\n\t\t\t\t<div class=\"last\"><h3 style=\"text-align: center;\">TAILLE ET POSE DE PIERRE<\/h3>\n<div class=\"push \" style=\"height:5px\"><\/div><\/div>\n\t<\/div><\/div><\/div>\n<div class=\"row \"><div class=\"wpv-grid grid-1-1  first unextended no-extended-padding\" style=\"padding-top:0.05px;padding-bottom:0.05px;\" id=\"wpv-column-e6b03a48a7210870b275f40c968501d8\" >\n<div  data-target=\"_self\" class=\"linkarea clearfix accent5  background-accent5\">\n\t\t\t<div class=\"first\"><span class='icon shortcode   use-hover' style='color:#fcb11f;font-size:62px !important;'>&#57949;<\/span><\/div>\n\t\t\t\t<div class=\"last\"><h3 style=\"text-align: center;\">ASSAINISSEMENT<\/h3>\n<div class=\"push \" style=\"height:5px\"><\/div><\/div>\n\t<\/div><\/div><\/div><\/div>\n<div class=\"wpv-grid grid-1-3  unextended no-extended-padding\" style=\"padding-top:40px;padding-bottom:0.05px;\" id=\"wpv-column-3446c118cc81a00015d057724c490927\" ><div class=\"row \"><div class=\"wpv-grid grid-1-1  first unextended no-extended-padding\" style=\"padding-top:0.05px;padding-bottom:0.05px;\" id=\"wpv-column-b113ac606897c494a32fbc50f24e51b9\" >\n<div  data-target=\"_self\" class=\"linkarea clearfix accent5  background-accent5\">\n\t\t\t<div class=\"first\"><span class='icon shortcode   use-hover' style='color:#fcb11f;font-size:62px !important;'>&#57364;<\/span><\/div>\n\t\t\t\t<div class=\"last\"><h3 style=\"text-align: center;\">ENDUITS ET JOINTS<\/h3>\n<div class=\"push \" style=\"height:5px\"><\/div><\/div>\n\t<\/div><\/div><\/div>\n<div class=\"row \"><div class=\"wpv-grid grid-1-1  first unextended no-extended-padding\" style=\"padding-top:0.05px;padding-bottom:0.05px;\" id=\"wpv-column-20adb26fb0e41f2cbe8d74c9730e4b9b\" >\n<div  data-target=\"_self\" class=\"linkarea clearfix accent5  background-accent5\">\n\t\t\t<div class=\"first\"><span class='icon shortcode theme  use-hover' style='color:#fcb11f;font-size:62px !important;'>&#57373;<\/span><\/div>\n\t\t\t\t<div class=\"last\"><h3 style=\"text-align: center;\">DALLAGE \/ CARRELAGE<\/h3>\n<div class=\"push \" style=\"height:5px\"><\/div><\/div>\n\t<\/div><\/div><\/div><\/div><\/div><\/div><\/div><\/div>\n<div class=\"push  wpv-hide-lowres\" style=\"height:60px\"><\/div>\n<div class=\"limit-wrapper\"><div class=\"row \"><div class=\"wpv-grid grid-1-1  wpv-first-level first unextended animation-fade-in animated-active no-extended-padding\" style=\"padding-top:0.05px;padding-bottom:0.05px;\" id=\"wpv-column-36999ce21ea970cf512fc1ab8bdd2fba\" >\t\t<h2 class=\"text-divider-double\">\t\t\t\nA PROPOS\t\t<\/h2>\t\t<div class=\"sep\"><\/div>\t<\/div><\/div><\/div>\n<div class=\"limit-wrapper\"><div class=\"row \"><div class=\"wpv-grid grid-1-3  wpv-first-level first unextended animation-from-bottom animated-active no-extended-padding\" style=\"padding-top:0.05px;padding-bottom:0.05px;\" id=\"wpv-column-ae39766d2eee6f4827cfb4e12666254b\" ><div class=\"clearfix dropcap-wrapper\"><div class=\"dropcap-left\"><span class='dropcap1 '>S<\/span><\/div><div class=\"dropcap-text\">P\u00c9CIALIT\u00c9<\/div> <\/div> <div class=\"push \" style=\"height:15px\"><\/div>Travail du Gr\u00e8s ocre\/ros\u00e9 d&rsquo;Avenas.<br \/>\nNous travaillons \u00e0 fa\u00e7on et nous nous adaptons \u00e0 tous vos projets de cr\u00e9ation, de r\u00e9novation et d&rsquo;extension.<br \/>\nToutes vos id\u00e9es sont les bienvenues et feront l&rsquo;objet d&rsquo;une \u00e9tude.<\/div>\n<div class=\"wpv-grid grid-1-3  wpv-first-level unextended animation-from-bottom animated-active no-extended-padding\" style=\"padding-top:0.05px;padding-bottom:0.05px;\" id=\"wpv-column-6dc0ac1119f65793174e5e365f42f286\" ><div class=\"clearfix dropcap-wrapper\"><div class=\"dropcap-left\"><span class='dropcap1 '>H<\/span><\/div><div class=\"dropcap-text\"> ISTOIRE<\/div> <\/div> <div class=\"push \" style=\"height:15px\"><\/div>L&rsquo;entreprise familiale de Ma\u00e7onnerie Bouillard est install\u00e9e depuis la fin de la guerre 14\/18 sur la commune d&rsquo;Ouroux.<br \/>\nDidier et St\u00e9phane Bouillard repr\u00e9sentent la 4e g\u00e9n\u00e9ration \u00e0 votre disposition pour tous vos travaux de ma\u00e7onnerie, en neuf ou ancien.<\/div>\n<div class=\"wpv-grid grid-1-3  wpv-first-level unextended animation-from-bottom animated-active no-extended-padding\" style=\"padding-top:0.05px;padding-bottom:0.05px;\" id=\"wpv-column-955c478986dae6adf26732212b9a454a\" ><div class=\"clearfix dropcap-wrapper\"><div class=\"dropcap-left\"><span class='dropcap1 '>Q<\/span><\/div><div class=\"dropcap-text\">UALIFICATION<\/div> <\/div> <div class=\"push \" style=\"height:15px\"><\/div>\n<p>2112 Ma\u00e7onnerie et ouvrages en b\u00e9ton arm\u00e9 (Technicit\u00e9 confirm\u00e9e)<br \/>\n2171 Taille et pose de pierre<br \/>\n2181 Restauration ma\u00e7onnerie du patrimoine<\/p>\n<p><img loading=\"lazy\" decoding=\"async\" class=\"wp-image-10326 size-thumbnail aligncenter\" src=\"https:\/\/www.qualibat.com\/front\/qualibat\/build\/images\/logo_qualibat.svg\" alt=\"\" width=\"150\" height=\"150\"><\/p>\n<div class=\"push \" style=\"height:10px\"><\/div><\/div><\/div><\/div>\n<div class=\"push  wpv-hide-lowres\" style=\"height:55px\"><\/div>\n<div class=\"row \"><div class=\"wpv-grid grid-1-1  wpv-first-level first extended-content unextended no-extended-padding\" style=\"padding-top:0.05px;padding-bottom:0.05px;padding-left:15px;padding-right:15px;\" id=\"wpv-column-3f44728ae74c32c5eb218d1b0ffdf42e\" ><div class=\"extended-column-inner\"><h2 class='column-title'>PORTFOLIO<\/h2><div class=\"row \"><div class=\"wpv-grid grid-1-1  first unextended no-extended-padding\" style=\"padding-top:0.05px;padding-bottom:0.05px;\" id=\"wpv-column-3ada46b9a3469e3190f508317be0b679\" >\n<div  data-href=\"\/?page_id=9880\" tabindex=\"1\" data-target=\"_self\" class=\"linkarea clearfix accent1  background-transparent\">\n\t\t\t<div class=\"first\"><span class='icon shortcode   use-hover' style='color:#2B2F34;font-size:62px !important;'>&#57417;<\/span><\/div>\n\t\t\t\t<div class=\"last\"><p style=\"text-align: center;\">Voir tout le portfolio<\/div>\n\t<\/div><\/div><\/div>\n<div class=\"row \"><div class=\"wpv-grid grid-1-1  first unextended no-extended-padding\" style=\"padding-top:0.05px;padding-bottom:0.05px;\" id=\"wpv-column-278710fcb646a34f8d1e03eadfc7da77\" >\n<section class=\"portfolios normal clearfix title-below has-description \" id=\"69e03baca7adc\">\n\t\t<div class=\"portfolio-items vamtam-cubeportfolio cbp portfolio-items \" data-columns=\"3\" data-options=\"{&quot;layoutMode&quot;:&quot;grid&quot;,&quot;defaultFilter&quot;:&quot;*&quot;,&quot;animationType&quot;:&quot;slideDelay&quot;,&quot;gapHorizontal&quot;:0,&quot;gapVertical&quot;:0,&quot;gridAdjustment&quot;:&quot;responsive&quot;,&quot;mediaQueries&quot;:[{&quot;width&quot;:757.5,&quot;cols&quot;:3},{&quot;width&quot;:495,&quot;cols&quot;:2},{&quot;width&quot;:232.5,&quot;cols&quot;:1}],&quot;displayType&quot;:&quot;bottomToTop&quot;,&quot;displayTypeSpeed&quot;:100,&quot;showPagination&quot;:false}\" data-hidden-by-filters=\"New items were loaded, but they are hidden because of your choice of filters\">\n\t\t<div data-id=\"11870\" data-type=\"societe-bouillard\" class=\"has-title has-description grid-1-3 state-closed vamtam-project cbp-item\" style=\"width: 33%\">\n\t<div class=\"portfolio-item-wrapper\">\n\t\t\t\t<div class=\"portfolio-image\">\n\t\t\t<div class=\"thumbnail\" style=\"max-height:400px\">\n\t\t\t\t\t\t\t<a href=\"https:\/\/www.societebouillard.com\/?post_type=portfolio&#038;p=11870\">\n\t\t\t\t\t<img loading=\"lazy\" decoding=\"async\" width=\"360\" height=\"276\" src=\"https:\/\/www.societebouillard.com\/wp-content\/uploads\/2019\/09\/diaporama6-360x276.jpg\" class=\"attachment-theme-loop-3 size-theme-loop-3 wp-post-image\" alt=\"\" srcset=\"https:\/\/www.societebouillard.com\/wp-content\/uploads\/2019\/09\/diaporama6-360x276.jpg 360w, https:\/\/www.societebouillard.com\/wp-content\/uploads\/2019\/09\/diaporama6-1140x876.jpg 1140w, https:\/\/www.societebouillard.com\/wp-content\/uploads\/2019\/09\/diaporama6-800x615.jpg 800w, https:\/\/www.societebouillard.com\/wp-content\/uploads\/2019\/09\/diaporama6-555x426.jpg 555w, https:\/\/www.societebouillard.com\/wp-content\/uploads\/2019\/09\/diaporama6-262x201.jpg 262w\" sizes=\"auto, (min-width: 900px) 50vw, 100vw\" \/>\t\t\t\t<\/a>\n\t\t\t\t\t\t<\/div><!-- \/ .thumbnail -->\n\t\t<\/div>\n\n\t\t\t\t\t<div class=\"portfolio_details\">\n\t\t\t\t<a href=\"https:\/\/www.societebouillard.com\/?post_type=portfolio&#038;p=11870\">\n\t\t\t\t\t\t\t\t\t\t\t<h3 class=\"title\">\n\t\t\t\t\t\t\tVo\u00fbte\t\t\t\t\t\t<\/h3>\n\t\t\t\t\t\t\t\t\t\t\t\t\t\t\t\t<div class=\"excerpt\"><p>Cr\u00e9ation d&rsquo;une ouverture vo\u00fbt\u00e9e<\/p>\n<\/div>\n\t\t\t\t\t\t\t\t\t<\/a>\n\t\t\t<\/div>\n\t\t\t<\/div>\n<\/div><div data-id=\"11869\" data-type=\"societe-bouillard\" class=\"has-title has-description grid-1-3 state-closed vamtam-project cbp-item\" style=\"width: 33%\">\n\t<div class=\"portfolio-item-wrapper\">\n\t\t\t\t<div class=\"portfolio-image\">\n\t\t\t<div class=\"thumbnail\" style=\"max-height:0px\">\n\t\t\t\t\t\t\t<a href=\"https:\/\/www.societebouillard.com\/?post_type=portfolio&#038;p=11869\">\n\t\t\t\t\t<img loading=\"lazy\" decoding=\"async\" width=\"360\" height=\"276\" src=\"https:\/\/www.societebouillard.com\/wp-content\/uploads\/2019\/09\/diaporama5-360x276.jpg\" class=\"attachment-theme-loop-3 size-theme-loop-3 wp-post-image\" alt=\"\" srcset=\"https:\/\/www.societebouillard.com\/wp-content\/uploads\/2019\/09\/diaporama5-360x276.jpg 360w, https:\/\/www.societebouillard.com\/wp-content\/uploads\/2019\/09\/diaporama5-1140x876.jpg 1140w, https:\/\/www.societebouillard.com\/wp-content\/uploads\/2019\/09\/diaporama5-800x615.jpg 800w, https:\/\/www.societebouillard.com\/wp-content\/uploads\/2019\/09\/diaporama5-555x426.jpg 555w, https:\/\/www.societebouillard.com\/wp-content\/uploads\/2019\/09\/diaporama5-262x201.jpg 262w\" sizes=\"auto, (min-width: 900px) 50vw, 100vw\" \/>\t\t\t\t<\/a>\n\t\t\t\t\t\t<\/div><!-- \/ .thumbnail -->\n\t\t<\/div>\n\n\t\t\t\t\t<div class=\"portfolio_details\">\n\t\t\t\t<a href=\"https:\/\/www.societebouillard.com\/?post_type=portfolio&#038;p=11869\">\n\t\t\t\t\t\t\t\t\t\t\t<h3 class=\"title\">\n\t\t\t\t\t\t\tCave\t\t\t\t\t\t<\/h3>\n\t\t\t\t\t\t\t\t\t\t\t\t\t\t\t\t<div class=\"excerpt\"><p>Cr\u00e9ation d&rsquo;une cave en pierre.<\/p>\n<\/div>\n\t\t\t\t\t\t\t\t\t<\/a>\n\t\t\t<\/div>\n\t\t\t<\/div>\n<\/div><div data-id=\"11866\" data-type=\"societe-bouillard\" class=\"has-title has-description grid-1-3 state-closed vamtam-project cbp-item\" style=\"width: 33%\">\n\t<div class=\"portfolio-item-wrapper\">\n\t\t\t\t<div class=\"portfolio-image\">\n\t\t\t<div class=\"thumbnail\" style=\"max-height:0px\">\n\t\t\t\t\t\t\t<a href=\"https:\/\/www.societebouillard.com\/?post_type=portfolio&#038;p=11866\">\n\t\t\t\t\t<img loading=\"lazy\" decoding=\"async\" width=\"360\" height=\"276\" src=\"https:\/\/www.societebouillard.com\/wp-content\/uploads\/2019\/09\/diaporama7-360x276.jpg\" class=\"attachment-theme-loop-3 size-theme-loop-3 wp-post-image\" alt=\"\" srcset=\"https:\/\/www.societebouillard.com\/wp-content\/uploads\/2019\/09\/diaporama7-360x276.jpg 360w, https:\/\/www.societebouillard.com\/wp-content\/uploads\/2019\/09\/diaporama7-1140x876.jpg 1140w, https:\/\/www.societebouillard.com\/wp-content\/uploads\/2019\/09\/diaporama7-800x615.jpg 800w, https:\/\/www.societebouillard.com\/wp-content\/uploads\/2019\/09\/diaporama7-555x426.jpg 555w, https:\/\/www.societebouillard.com\/wp-content\/uploads\/2019\/09\/diaporama7-262x201.jpg 262w\" sizes=\"auto, (min-width: 900px) 50vw, 100vw\" \/>\t\t\t\t<\/a>\n\t\t\t\t\t\t<\/div><!-- \/ .thumbnail -->\n\t\t<\/div>\n\n\t\t\t\t\t<div class=\"portfolio_details\">\n\t\t\t\t<a href=\"https:\/\/www.societebouillard.com\/?post_type=portfolio&#038;p=11866\">\n\t\t\t\t\t\t\t\t\t\t\t<h3 class=\"title\">\n\t\t\t\t\t\t\tEglise\t\t\t\t\t\t<\/h3>\n\t\t\t\t\t\t\t\t\t\t\t\t\t\t\t\t<div class=\"excerpt\"><p>R\u00e9fection de la Madone de Fleurie.<\/p>\n<\/div>\n\t\t\t\t\t\t\t\t\t<\/a>\n\t\t\t<\/div>\n\t\t\t<\/div>\n<\/div><div data-id=\"11864\" data-type=\"societe-bouillard\" class=\"has-title has-description grid-1-3 state-closed vamtam-project cbp-item\" style=\"width: 33%\">\n\t<div class=\"portfolio-item-wrapper\">\n\t\t\t\t<div class=\"portfolio-image\">\n\t\t\t<div class=\"thumbnail\" style=\"max-height:0px\">\n\t\t\t\t\t\t\t<a href=\"https:\/\/www.societebouillard.com\/?post_type=portfolio&#038;p=11864\">\n\t\t\t\t\t<img loading=\"lazy\" decoding=\"async\" width=\"360\" height=\"276\" src=\"https:\/\/www.societebouillard.com\/wp-content\/uploads\/2019\/09\/diaporama4-360x276.jpg\" class=\"attachment-theme-loop-3 size-theme-loop-3 wp-post-image\" alt=\"\" srcset=\"https:\/\/www.societebouillard.com\/wp-content\/uploads\/2019\/09\/diaporama4-360x276.jpg 360w, https:\/\/www.societebouillard.com\/wp-content\/uploads\/2019\/09\/diaporama4-1140x876.jpg 1140w, https:\/\/www.societebouillard.com\/wp-content\/uploads\/2019\/09\/diaporama4-800x615.jpg 800w, https:\/\/www.societebouillard.com\/wp-content\/uploads\/2019\/09\/diaporama4-555x426.jpg 555w, https:\/\/www.societebouillard.com\/wp-content\/uploads\/2019\/09\/diaporama4-262x201.jpg 262w\" sizes=\"auto, (min-width: 900px) 50vw, 100vw\" \/>\t\t\t\t<\/a>\n\t\t\t\t\t\t<\/div><!-- \/ .thumbnail -->\n\t\t<\/div>\n\n\t\t\t\t\t<div class=\"portfolio_details\">\n\t\t\t\t<a href=\"https:\/\/www.societebouillard.com\/?post_type=portfolio&#038;p=11864\">\n\t\t\t\t\t\t\t\t\t\t\t<h3 class=\"title\">\n\t\t\t\t\t\t\tChemin\u00e9e\t\t\t\t\t\t<\/h3>\n\t\t\t\t\t\t\t\t\t\t\t\t\t\t\t\t<div class=\"excerpt\"><p>Cr\u00e9ation de la chemin\u00e9e et du four \u00e0 pain.<\/p>\n<\/div>\n\t\t\t\t\t\t\t\t\t<\/a>\n\t\t\t<\/div>\n\t\t\t<\/div>\n<\/div><div data-id=\"11863\" data-type=\"societe-bouillard\" class=\"has-title has-description grid-1-3 state-closed vamtam-project cbp-item\" style=\"width: 33%\">\n\t<div class=\"portfolio-item-wrapper\">\n\t\t\t\t<div class=\"portfolio-image\">\n\t\t\t<div class=\"thumbnail\" style=\"max-height:0px\">\n\t\t\t\t\t\t\t<a href=\"https:\/\/www.societebouillard.com\/?post_type=portfolio&#038;p=11863\">\n\t\t\t\t\t<img loading=\"lazy\" decoding=\"async\" width=\"360\" height=\"276\" src=\"https:\/\/www.societebouillard.com\/wp-content\/uploads\/2019\/09\/diaporama2-360x276.jpg\" class=\"attachment-theme-loop-3 size-theme-loop-3 wp-post-image\" alt=\"\" srcset=\"https:\/\/www.societebouillard.com\/wp-content\/uploads\/2019\/09\/diaporama2-360x276.jpg 360w, https:\/\/www.societebouillard.com\/wp-content\/uploads\/2019\/09\/diaporama2-1140x876.jpg 1140w, https:\/\/www.societebouillard.com\/wp-content\/uploads\/2019\/09\/diaporama2-800x615.jpg 800w, https:\/\/www.societebouillard.com\/wp-content\/uploads\/2019\/09\/diaporama2-555x426.jpg 555w, https:\/\/www.societebouillard.com\/wp-content\/uploads\/2019\/09\/diaporama2-262x201.jpg 262w\" sizes=\"auto, (min-width: 900px) 50vw, 100vw\" \/>\t\t\t\t<\/a>\n\t\t\t\t\t\t<\/div><!-- \/ .thumbnail -->\n\t\t<\/div>\n\n\t\t\t\t\t<div class=\"portfolio_details\">\n\t\t\t\t<a href=\"https:\/\/www.societebouillard.com\/?post_type=portfolio&#038;p=11863\">\n\t\t\t\t\t\t\t\t\t\t\t<h3 class=\"title\">\n\t\t\t\t\t\t\tPiscine\t\t\t\t\t\t<\/h3>\n\t\t\t\t\t\t\t\t\t\t\t\t\t\t\t\t<div class=\"excerpt\"><p>Cr\u00e9ation des piliers et habillage des murs en pierre.<\/p>\n<\/div>\n\t\t\t\t\t\t\t\t\t<\/a>\n\t\t\t<\/div>\n\t\t\t<\/div>\n<\/div><div data-id=\"11861\" data-type=\"societe-bouillard\" class=\"has-title has-description grid-1-3 state-closed vamtam-project cbp-item\" style=\"width: 33%\">\n\t<div class=\"portfolio-item-wrapper\">\n\t\t\t\t<div class=\"portfolio-image\">\n\t\t\t<div class=\"thumbnail\" style=\"max-height:0px\">\n\t\t\t\t\t\t\t<a href=\"https:\/\/www.societebouillard.com\/?post_type=portfolio&#038;p=11861\">\n\t\t\t\t\t<img loading=\"lazy\" decoding=\"async\" width=\"360\" height=\"276\" src=\"https:\/\/www.societebouillard.com\/wp-content\/uploads\/2019\/09\/diaporama1-360x276.jpg\" class=\"attachment-theme-loop-3 size-theme-loop-3 wp-post-image\" alt=\"\" srcset=\"https:\/\/www.societebouillard.com\/wp-content\/uploads\/2019\/09\/diaporama1-360x276.jpg 360w, https:\/\/www.societebouillard.com\/wp-content\/uploads\/2019\/09\/diaporama1-1140x876.jpg 1140w, https:\/\/www.societebouillard.com\/wp-content\/uploads\/2019\/09\/diaporama1-800x615.jpg 800w, https:\/\/www.societebouillard.com\/wp-content\/uploads\/2019\/09\/diaporama1-555x426.jpg 555w, https:\/\/www.societebouillard.com\/wp-content\/uploads\/2019\/09\/diaporama1-262x201.jpg 262w\" sizes=\"auto, (min-width: 900px) 50vw, 100vw\" \/>\t\t\t\t<\/a>\n\t\t\t\t\t\t<\/div><!-- \/ .thumbnail -->\n\t\t<\/div>\n\n\t\t\t\t\t<div class=\"portfolio_details\">\n\t\t\t\t<a href=\"https:\/\/www.societebouillard.com\/?post_type=portfolio&#038;p=11861\">\n\t\t\t\t\t\t\t\t\t\t\t<h3 class=\"title\">\n\t\t\t\t\t\t\tCave \u00e0 lunettes\t\t\t\t\t\t<\/h3>\n\t\t\t\t\t\t\t\t\t\t\t\t\t\t\t\t<div class=\"excerpt\"><p>R\u00e9novation de l&rsquo;ancienne cave.<\/p>\n<\/div>\n\t\t\t\t\t\t\t\t\t<\/a>\n\t\t\t<\/div>\n\t\t\t<\/div>\n<\/div>\t<\/div>\n\t<\/section>\n\n<\/div><\/div><\/div><\/div><\/div>\n<div class=\"push  wpv-hide-lowres\" style=\"height:20px\"><\/div>\n","protected":false},"excerpt":{"rendered":"<p>R\u00e9novation de l&rsquo;ancienne cave.<\/p>\n","protected":false},"author":1,"featured_media":0,"parent":11779,"menu_order":0,"comment_status":"closed","ping_status":"closed","template":"","meta":{"_monsterinsights_skip_tracking":false,"_monsterinsights_sitenote_active":false,"_monsterinsights_sitenote_note":"","_monsterinsights_sitenote_category":0,"ngg_post_thumbnail":0,"footnotes":""},"class_list":["post-10074","page","type-page","status-publish","hentry"],"_links":{"self":[{"href":"https:\/\/www.societebouillard.com\/index.php?rest_route=\/wp\/v2\/pages\/10074","targetHints":{"allow":["GET"]}}],"collection":[{"href":"https:\/\/www.societebouillard.com\/index.php?rest_route=\/wp\/v2\/pages"}],"about":[{"href":"https:\/\/www.societebouillard.com\/index.php?rest_route=\/wp\/v2\/types\/page"}],"author":[{"embeddable":true,"href":"https:\/\/www.societebouillard.com\/index.php?rest_route=\/wp\/v2\/users\/1"}],"replies":[{"embeddable":true,"href":"https:\/\/www.societebouillard.com\/index.php?rest_route=%2Fwp%2Fv2%2Fcomments&post=10074"}],"version-history":[{"count":3,"href":"https:\/\/www.societebouillard.com\/index.php?rest_route=\/wp\/v2\/pages\/10074\/revisions"}],"predecessor-version":[{"id":14170,"href":"https:\/\/www.societebouillard.com\/index.php?rest_route=\/wp\/v2\/pages\/10074\/revisions\/14170"}],"up":[{"embeddable":true,"href":"https:\/\/www.societebouillard.com\/index.php?rest_route=\/wp\/v2\/pages\/11779"}],"wp:attachment":[{"href":"https:\/\/www.societebouillard.com\/index.php?rest_route=%2Fwp%2Fv2%2Fmedia&parent=10074"}],"curies":[{"name":"wp","href":"https:\/\/api.w.org\/{rel}","templated":true}]}}