{"id":9880,"date":"2015-01-08T11:38:33","date_gmt":"2015-01-08T11:38:33","guid":{"rendered":"https:\/\/construction.vamtam.com\/?page_id=9880"},"modified":"2019-10-09T16:24:06","modified_gmt":"2019-10-09T14:24:06","slug":"fullwidth-portfolio","status":"publish","type":"page","link":"https:\/\/www.societebouillard.com\/?page_id=9880","title":{"rendered":"Portfolio"},"content":{"rendered":"<div class=\"row \"><div class=\"wpv-grid grid-1-1  wpv-first-level first has-background extended-content unextended has-extended-padding\" style=\"background-color:#2B2F34;padding-top:30px;padding-bottom:0.05px;padding-left:15px;padding-right:15px;\" id=\"wpv-column-6754374643ab21feb07b64b878429f1e\" ><div class=\"extended-column-inner\"><style>#wpv-column-6754374643ab21feb07b64b878429f1e p,#wpv-column-6754374643ab21feb07b64b878429f1e em,#wpv-column-6754374643ab21feb07b64b878429f1e h1,#wpv-column-6754374643ab21feb07b64b878429f1e h2,#wpv-column-6754374643ab21feb07b64b878429f1e h3,#wpv-column-6754374643ab21feb07b64b878429f1e h4,#wpv-column-6754374643ab21feb07b64b878429f1e h5,#wpv-column-6754374643ab21feb07b64b878429f1e h6,#wpv-column-6754374643ab21feb07b64b878429f1e .column-title,#wpv-column-6754374643ab21feb07b64b878429f1e .sep-text h2.regular-title-wrapper,#wpv-column-6754374643ab21feb07b64b878429f1e .text-divider-double,#wpv-column-6754374643ab21feb07b64b878429f1e .sep-text .sep-text-line,#wpv-column-6754374643ab21feb07b64b878429f1e .sep,#wpv-column-6754374643ab21feb07b64b878429f1e .sep-2,#wpv-column-6754374643ab21feb07b64b878429f1e .sep-3,#wpv-column-6754374643ab21feb07b64b878429f1e td,#wpv-column-6754374643ab21feb07b64b878429f1e th,#wpv-column-6754374643ab21feb07b64b878429f1e caption{color:#a7aeb7;}#wpv-column-6754374643ab21feb07b64b878429f1e:before{background-color:transparent;}<\/style><div class=\"row \"><div class=\"wpv-grid grid-1-1  first unextended no-extended-padding\" style=\"padding-top:0.05px;padding-bottom:0.05px;\" id=\"wpv-column-105c54caed12704c95bfa28eca501426\" >\n<section class=\"portfolios normal clearfix title-below has-description \" id=\"69e045875263c\">\n\t\t<div class=\"portfolio-items vamtam-cubeportfolio cbp portfolio-items \" data-columns=\"4\" data-options=\"{&quot;layoutMode&quot;:&quot;grid&quot;,&quot;defaultFilter&quot;:&quot;*&quot;,&quot;animationType&quot;:&quot;slideDelay&quot;,&quot;gapHorizontal&quot;:0,&quot;gapVertical&quot;:0,&quot;gridAdjustment&quot;:&quot;responsive&quot;,&quot;mediaQueries&quot;:[{&quot;width&quot;:1020,&quot;cols&quot;:4},{&quot;width&quot;:757.5,&quot;cols&quot;:3},{&quot;width&quot;:495,&quot;cols&quot;:2},{&quot;width&quot;:232.5,&quot;cols&quot;:1}],&quot;displayType&quot;:&quot;bottomToTop&quot;,&quot;displayTypeSpeed&quot;:100,&quot;showPagination&quot;:false}\" data-hidden-by-filters=\"New items were loaded, but they are hidden because of your choice of filters\">\n\t\t<div data-id=\"11870\" data-type=\"societe-bouillard\" class=\"has-title has-description grid-1-4 state-closed vamtam-project cbp-item\" style=\"width: 25%\">\n\t<div class=\"portfolio-item-wrapper\">\n\t\t\t\t<div class=\"portfolio-image\">\n\t\t\t<div class=\"thumbnail\" style=\"max-height:400px\">\n\t\t\t\t\t\t\t<a href=\"https:\/\/www.societebouillard.com\/?post_type=portfolio&#038;p=11870\">\n\t\t\t\t\t<img loading=\"lazy\" decoding=\"async\" width=\"262\" height=\"201\" src=\"https:\/\/www.societebouillard.com\/wp-content\/uploads\/2019\/09\/diaporama6-262x201.jpg\" class=\"attachment-theme-loop-4 size-theme-loop-4 wp-post-image\" alt=\"\" srcset=\"https:\/\/www.societebouillard.com\/wp-content\/uploads\/2019\/09\/diaporama6-262x201.jpg 262w, https:\/\/www.societebouillard.com\/wp-content\/uploads\/2019\/09\/diaporama6-1140x876.jpg 1140w, https:\/\/www.societebouillard.com\/wp-content\/uploads\/2019\/09\/diaporama6-800x615.jpg 800w, https:\/\/www.societebouillard.com\/wp-content\/uploads\/2019\/09\/diaporama6-555x426.jpg 555w, https:\/\/www.societebouillard.com\/wp-content\/uploads\/2019\/09\/diaporama6-360x276.jpg 360w\" sizes=\"auto, (min-width: 900px) 50vw, 100vw\" \/>\t\t\t\t<\/a>\n\t\t\t\t\t\t<\/div><!-- \/ .thumbnail -->\n\t\t<\/div>\n\n\t\t\t\t\t<div class=\"portfolio_details\">\n\t\t\t\t<a href=\"https:\/\/www.societebouillard.com\/?post_type=portfolio&#038;p=11870\">\n\t\t\t\t\t\t\t\t\t\t\t<h3 class=\"title\">\n\t\t\t\t\t\t\tVo\u00fbte\t\t\t\t\t\t<\/h3>\n\t\t\t\t\t\t\t\t\t\t\t\t\t\t\t\t<div class=\"excerpt\"><p>Cr\u00e9ation d&rsquo;une ouverture vo\u00fbt\u00e9e<\/p>\n<\/div>\n\t\t\t\t\t\t\t\t\t<\/a>\n\t\t\t<\/div>\n\t\t\t<\/div>\n<\/div><div data-id=\"11869\" data-type=\"societe-bouillard\" class=\"has-title has-description grid-1-4 state-closed vamtam-project cbp-item\" style=\"width: 25%\">\n\t<div class=\"portfolio-item-wrapper\">\n\t\t\t\t<div class=\"portfolio-image\">\n\t\t\t<div class=\"thumbnail\" style=\"max-height:0px\">\n\t\t\t\t\t\t\t<a href=\"https:\/\/www.societebouillard.com\/?post_type=portfolio&#038;p=11869\">\n\t\t\t\t\t<img loading=\"lazy\" decoding=\"async\" width=\"262\" height=\"201\" src=\"https:\/\/www.societebouillard.com\/wp-content\/uploads\/2019\/09\/diaporama5-262x201.jpg\" class=\"attachment-theme-loop-4 size-theme-loop-4 wp-post-image\" alt=\"\" srcset=\"https:\/\/www.societebouillard.com\/wp-content\/uploads\/2019\/09\/diaporama5-262x201.jpg 262w, https:\/\/www.societebouillard.com\/wp-content\/uploads\/2019\/09\/diaporama5-1140x876.jpg 1140w, https:\/\/www.societebouillard.com\/wp-content\/uploads\/2019\/09\/diaporama5-800x615.jpg 800w, https:\/\/www.societebouillard.com\/wp-content\/uploads\/2019\/09\/diaporama5-555x426.jpg 555w, https:\/\/www.societebouillard.com\/wp-content\/uploads\/2019\/09\/diaporama5-360x276.jpg 360w\" sizes=\"auto, (min-width: 900px) 50vw, 100vw\" \/>\t\t\t\t<\/a>\n\t\t\t\t\t\t<\/div><!-- \/ .thumbnail -->\n\t\t<\/div>\n\n\t\t\t\t\t<div class=\"portfolio_details\">\n\t\t\t\t<a href=\"https:\/\/www.societebouillard.com\/?post_type=portfolio&#038;p=11869\">\n\t\t\t\t\t\t\t\t\t\t\t<h3 class=\"title\">\n\t\t\t\t\t\t\tCave\t\t\t\t\t\t<\/h3>\n\t\t\t\t\t\t\t\t\t\t\t\t\t\t\t\t<div class=\"excerpt\"><p>Cr\u00e9ation d&rsquo;une cave en pierre.<\/p>\n<\/div>\n\t\t\t\t\t\t\t\t\t<\/a>\n\t\t\t<\/div>\n\t\t\t<\/div>\n<\/div><div data-id=\"11866\" data-type=\"societe-bouillard\" class=\"has-title has-description grid-1-4 state-closed vamtam-project cbp-item\" style=\"width: 25%\">\n\t<div class=\"portfolio-item-wrapper\">\n\t\t\t\t<div class=\"portfolio-image\">\n\t\t\t<div class=\"thumbnail\" style=\"max-height:0px\">\n\t\t\t\t\t\t\t<a href=\"https:\/\/www.societebouillard.com\/?post_type=portfolio&#038;p=11866\">\n\t\t\t\t\t<img loading=\"lazy\" decoding=\"async\" width=\"262\" height=\"201\" src=\"https:\/\/www.societebouillard.com\/wp-content\/uploads\/2019\/09\/diaporama7-262x201.jpg\" class=\"attachment-theme-loop-4 size-theme-loop-4 wp-post-image\" alt=\"\" srcset=\"https:\/\/www.societebouillard.com\/wp-content\/uploads\/2019\/09\/diaporama7-262x201.jpg 262w, https:\/\/www.societebouillard.com\/wp-content\/uploads\/2019\/09\/diaporama7-1140x876.jpg 1140w, https:\/\/www.societebouillard.com\/wp-content\/uploads\/2019\/09\/diaporama7-800x615.jpg 800w, https:\/\/www.societebouillard.com\/wp-content\/uploads\/2019\/09\/diaporama7-555x426.jpg 555w, https:\/\/www.societebouillard.com\/wp-content\/uploads\/2019\/09\/diaporama7-360x276.jpg 360w\" sizes=\"auto, (min-width: 900px) 50vw, 100vw\" \/>\t\t\t\t<\/a>\n\t\t\t\t\t\t<\/div><!-- \/ .thumbnail -->\n\t\t<\/div>\n\n\t\t\t\t\t<div class=\"portfolio_details\">\n\t\t\t\t<a href=\"https:\/\/www.societebouillard.com\/?post_type=portfolio&#038;p=11866\">\n\t\t\t\t\t\t\t\t\t\t\t<h3 class=\"title\">\n\t\t\t\t\t\t\tEglise\t\t\t\t\t\t<\/h3>\n\t\t\t\t\t\t\t\t\t\t\t\t\t\t\t\t<div class=\"excerpt\"><p>R\u00e9fection de la Madone de Fleurie.<\/p>\n<\/div>\n\t\t\t\t\t\t\t\t\t<\/a>\n\t\t\t<\/div>\n\t\t\t<\/div>\n<\/div><div data-id=\"11864\" data-type=\"societe-bouillard\" class=\"has-title has-description grid-1-4 state-closed vamtam-project cbp-item\" style=\"width: 25%\">\n\t<div class=\"portfolio-item-wrapper\">\n\t\t\t\t<div class=\"portfolio-image\">\n\t\t\t<div class=\"thumbnail\" style=\"max-height:0px\">\n\t\t\t\t\t\t\t<a href=\"https:\/\/www.societebouillard.com\/?post_type=portfolio&#038;p=11864\">\n\t\t\t\t\t<img loading=\"lazy\" decoding=\"async\" width=\"262\" height=\"201\" src=\"https:\/\/www.societebouillard.com\/wp-content\/uploads\/2019\/09\/diaporama4-262x201.jpg\" class=\"attachment-theme-loop-4 size-theme-loop-4 wp-post-image\" alt=\"\" srcset=\"https:\/\/www.societebouillard.com\/wp-content\/uploads\/2019\/09\/diaporama4-262x201.jpg 262w, https:\/\/www.societebouillard.com\/wp-content\/uploads\/2019\/09\/diaporama4-1140x876.jpg 1140w, https:\/\/www.societebouillard.com\/wp-content\/uploads\/2019\/09\/diaporama4-800x615.jpg 800w, https:\/\/www.societebouillard.com\/wp-content\/uploads\/2019\/09\/diaporama4-555x426.jpg 555w, https:\/\/www.societebouillard.com\/wp-content\/uploads\/2019\/09\/diaporama4-360x276.jpg 360w\" sizes=\"auto, (min-width: 900px) 50vw, 100vw\" \/>\t\t\t\t<\/a>\n\t\t\t\t\t\t<\/div><!-- \/ .thumbnail -->\n\t\t<\/div>\n\n\t\t\t\t\t<div class=\"portfolio_details\">\n\t\t\t\t<a href=\"https:\/\/www.societebouillard.com\/?post_type=portfolio&#038;p=11864\">\n\t\t\t\t\t\t\t\t\t\t\t<h3 class=\"title\">\n\t\t\t\t\t\t\tChemin\u00e9e\t\t\t\t\t\t<\/h3>\n\t\t\t\t\t\t\t\t\t\t\t\t\t\t\t\t<div class=\"excerpt\"><p>Cr\u00e9ation de la chemin\u00e9e et du four \u00e0 pain.<\/p>\n<\/div>\n\t\t\t\t\t\t\t\t\t<\/a>\n\t\t\t<\/div>\n\t\t\t<\/div>\n<\/div><div data-id=\"11863\" data-type=\"societe-bouillard\" class=\"has-title has-description grid-1-4 state-closed vamtam-project cbp-item\" style=\"width: 25%\">\n\t<div class=\"portfolio-item-wrapper\">\n\t\t\t\t<div class=\"portfolio-image\">\n\t\t\t<div class=\"thumbnail\" style=\"max-height:0px\">\n\t\t\t\t\t\t\t<a href=\"https:\/\/www.societebouillard.com\/?post_type=portfolio&#038;p=11863\">\n\t\t\t\t\t<img loading=\"lazy\" decoding=\"async\" width=\"262\" height=\"201\" src=\"https:\/\/www.societebouillard.com\/wp-content\/uploads\/2019\/09\/diaporama2-262x201.jpg\" class=\"attachment-theme-loop-4 size-theme-loop-4 wp-post-image\" alt=\"\" srcset=\"https:\/\/www.societebouillard.com\/wp-content\/uploads\/2019\/09\/diaporama2-262x201.jpg 262w, https:\/\/www.societebouillard.com\/wp-content\/uploads\/2019\/09\/diaporama2-1140x876.jpg 1140w, https:\/\/www.societebouillard.com\/wp-content\/uploads\/2019\/09\/diaporama2-800x615.jpg 800w, https:\/\/www.societebouillard.com\/wp-content\/uploads\/2019\/09\/diaporama2-555x426.jpg 555w, https:\/\/www.societebouillard.com\/wp-content\/uploads\/2019\/09\/diaporama2-360x276.jpg 360w\" sizes=\"auto, (min-width: 900px) 50vw, 100vw\" \/>\t\t\t\t<\/a>\n\t\t\t\t\t\t<\/div><!-- \/ .thumbnail -->\n\t\t<\/div>\n\n\t\t\t\t\t<div class=\"portfolio_details\">\n\t\t\t\t<a href=\"https:\/\/www.societebouillard.com\/?post_type=portfolio&#038;p=11863\">\n\t\t\t\t\t\t\t\t\t\t\t<h3 class=\"title\">\n\t\t\t\t\t\t\tPiscine\t\t\t\t\t\t<\/h3>\n\t\t\t\t\t\t\t\t\t\t\t\t\t\t\t\t<div class=\"excerpt\"><p>Cr\u00e9ation des piliers et habillage des murs en pierre.<\/p>\n<\/div>\n\t\t\t\t\t\t\t\t\t<\/a>\n\t\t\t<\/div>\n\t\t\t<\/div>\n<\/div><div data-id=\"11861\" data-type=\"societe-bouillard\" class=\"has-title has-description grid-1-4 state-closed vamtam-project cbp-item\" style=\"width: 25%\">\n\t<div class=\"portfolio-item-wrapper\">\n\t\t\t\t<div class=\"portfolio-image\">\n\t\t\t<div class=\"thumbnail\" style=\"max-height:0px\">\n\t\t\t\t\t\t\t<a href=\"https:\/\/www.societebouillard.com\/?post_type=portfolio&#038;p=11861\">\n\t\t\t\t\t<img loading=\"lazy\" decoding=\"async\" width=\"262\" height=\"201\" src=\"https:\/\/www.societebouillard.com\/wp-content\/uploads\/2019\/09\/diaporama1-262x201.jpg\" class=\"attachment-theme-loop-4 size-theme-loop-4 wp-post-image\" alt=\"\" srcset=\"https:\/\/www.societebouillard.com\/wp-content\/uploads\/2019\/09\/diaporama1-262x201.jpg 262w, https:\/\/www.societebouillard.com\/wp-content\/uploads\/2019\/09\/diaporama1-1140x876.jpg 1140w, https:\/\/www.societebouillard.com\/wp-content\/uploads\/2019\/09\/diaporama1-800x615.jpg 800w, https:\/\/www.societebouillard.com\/wp-content\/uploads\/2019\/09\/diaporama1-555x426.jpg 555w, https:\/\/www.societebouillard.com\/wp-content\/uploads\/2019\/09\/diaporama1-360x276.jpg 360w\" sizes=\"auto, (min-width: 900px) 50vw, 100vw\" \/>\t\t\t\t<\/a>\n\t\t\t\t\t\t<\/div><!-- \/ .thumbnail -->\n\t\t<\/div>\n\n\t\t\t\t\t<div class=\"portfolio_details\">\n\t\t\t\t<a href=\"https:\/\/www.societebouillard.com\/?post_type=portfolio&#038;p=11861\">\n\t\t\t\t\t\t\t\t\t\t\t<h3 class=\"title\">\n\t\t\t\t\t\t\tCave \u00e0 lunettes\t\t\t\t\t\t<\/h3>\n\t\t\t\t\t\t\t\t\t\t\t\t\t\t\t\t<div class=\"excerpt\"><p>R\u00e9novation de l&rsquo;ancienne cave.<\/p>\n<\/div>\n\t\t\t\t\t\t\t\t\t<\/a>\n\t\t\t<\/div>\n\t\t\t<\/div>\n<\/div>\t<\/div>\n\t<\/section>\n\n<\/div><\/div><\/div><\/div><\/div>\n","protected":false},"excerpt":{"rendered":"<p>R\u00e9novation de l&rsquo;ancienne cave.<\/p>\n","protected":false},"author":1,"featured_media":0,"parent":268,"menu_order":0,"comment_status":"closed","ping_status":"open","template":"","meta":{"_monsterinsights_skip_tracking":false,"_monsterinsights_sitenote_active":false,"_monsterinsights_sitenote_note":"","_monsterinsights_sitenote_category":0,"ngg_post_thumbnail":0,"footnotes":""},"class_list":["post-9880","page","type-page","status-publish","hentry"],"_links":{"self":[{"href":"https:\/\/www.societebouillard.com\/index.php?rest_route=\/wp\/v2\/pages\/9880","targetHints":{"allow":["GET"]}}],"collection":[{"href":"https:\/\/www.societebouillard.com\/index.php?rest_route=\/wp\/v2\/pages"}],"about":[{"href":"https:\/\/www.societebouillard.com\/index.php?rest_route=\/wp\/v2\/types\/page"}],"author":[{"embeddable":true,"href":"https:\/\/www.societebouillard.com\/index.php?rest_route=\/wp\/v2\/users\/1"}],"replies":[{"embeddable":true,"href":"https:\/\/www.societebouillard.com\/index.php?rest_route=%2Fwp%2Fv2%2Fcomments&post=9880"}],"version-history":[{"count":2,"href":"https:\/\/www.societebouillard.com\/index.php?rest_route=\/wp\/v2\/pages\/9880\/revisions"}],"predecessor-version":[{"id":11846,"href":"https:\/\/www.societebouillard.com\/index.php?rest_route=\/wp\/v2\/pages\/9880\/revisions\/11846"}],"up":[{"embeddable":true,"href":"https:\/\/www.societebouillard.com\/index.php?rest_route=\/wp\/v2\/pages\/268"}],"wp:attachment":[{"href":"https:\/\/www.societebouillard.com\/index.php?rest_route=%2Fwp%2Fv2%2Fmedia&parent=9880"}],"curies":[{"name":"wp","href":"https:\/\/api.w.org\/{rel}","templated":true}]}}